{"id":22289,"date":"2018-05-19T07:12:40","date_gmt":"2018-05-19T07:12:40","guid":{"rendered":"https:\/\/www.polyhose.com\/pl\/?page_id=22289"},"modified":"2021-12-28T11:11:06","modified_gmt":"2021-12-28T10:11:06","slug":"life-science","status":"publish","type":"page","link":"https:\/\/www.polyhose.com\/pl\/life-science\/","title":{"rendered":"DZIA\u0141 LIFE SCIENCE"},"content":{"rendered":"<div class=\"fusion-fullwidth fullwidth-box fusion-builder-row-1 nonhundred-percent-fullwidth non-hundred-percent-height-scrolling\" style=\"background-color: #ffffff;background-position: center center;background-repeat: no-repeat;padding-top:0px;padding-right:0px;padding-bottom:0px;padding-left:0px;margin-bottom: 0px;margin-top: 0px;border-width: 0px 0px 0px 0px;border-color:#eae9e9;border-style:solid;\" ><div class=\"fusion-builder-row fusion-row\"><div class=\"fusion-layout-column fusion_builder_column fusion-builder-column-0 fusion_builder_column_1_1 1_1 fusion-one-full fusion-column-first fusion-column-last\" style=\"margin-top:0px;margin-bottom:20px;\"><div class=\"fusion-column-wrapper fusion-flex-column-wrapper-legacy\" style=\"background-position:left top;background-repeat:no-repeat;-webkit-background-size:cover;-moz-background-size:cover;-o-background-size:cover;background-size:cover;padding: 0px 0px 0px 0px;\"><style type=\"text\/css\"><\/style><div class=\"fusion-title title fusion-title-1 fusion-sep-none fusion-title-text fusion-title-size-one\" style=\"margin-top:0px;margin-bottom:10px;\"><h1 class=\"title-heading-left\" style=\"margin:0;\"><strong>LIFE SCIENCE DIVISION<\/strong><\/h1><\/div><div class=\"fusion-clearfix\"><\/div><\/div><\/div><div class=\"fusion-layout-column fusion_builder_column fusion-builder-column-1 fusion_builder_column_1_2 1_2 fusion-one-half fusion-column-first\" style=\"width:50%;width:calc(50% - ( ( 4% ) * 0.5 ) );margin-right: 4%;margin-top:0px;margin-bottom:20px;\"><div class=\"fusion-column-wrapper fusion-flex-column-wrapper-legacy\" style=\"background-position:left top;background-repeat:no-repeat;-webkit-background-size:cover;-moz-background-size:cover;-o-background-size:cover;background-size:cover;padding: 0px 0px 0px 0px;\"><div class=\"fusion-text fusion-text-1\"><p>Dzia\u0142 life science zosta\u0142 za\u0142o\u017cony w 2017 roku w celu dostarczania wysokiej jako\u015bci produkt\u00f3w do bran\u017cy medycznej oraz farmaceutycznej. Nasze najwy\u017cej jako\u015bci produkty, powstaj\u0105ce w hermetycznych pomieszczeniach zgodnie z norm\u0105 ISO 13485, przyczyniaj\u0105 si\u0119 do ratowania \u017cycia ludzi. Jeste\u015bmy dumni, \u017ce przy pomocy know-how uzyskanego z USA mo\u017cemy pomaga\u0107.<\/p>\n<p>Nasze produkty to rurki jedno i wielokana\u0142owe o standardowych i niestandardowych rozmiarach.<\/p>\n<\/div><div class=\"fusion-clearfix\"><\/div><\/div><\/div><div class=\"fusion-layout-column fusion_builder_column fusion-builder-column-2 fusion_builder_column_1_2 1_2 fusion-one-half fusion-column-last\" style=\"width:50%;width:calc(50% - ( ( 4% ) * 0.5 ) );margin-top:0px;margin-bottom:20px;\"><div class=\"fusion-column-wrapper fusion-flex-column-wrapper-legacy\" style=\"background-position:left top;background-repeat:no-repeat;-webkit-background-size:cover;-moz-background-size:cover;-o-background-size:cover;background-size:cover;padding: 0px 0px 0px 0px;\"><span class=\" fusion-imageframe imageframe-none imageframe-1 hover-type-none\"><img decoding=\"async\" width=\"600\" height=\"450\" alt=\"life-science\" title=\"life-science\" src=\"https:\/\/www.polyhose.com\/pl\/wp-content\/uploads\/2018\/05\/life-science.jpg\" class=\"img-responsive wp-image-22392\" srcset=\"https:\/\/www.polyhose.com\/pl\/wp-content\/uploads\/2018\/05\/life-science-200x150.jpg 200w, https:\/\/www.polyhose.com\/pl\/wp-content\/uploads\/2018\/05\/life-science-400x300.jpg 400w, https:\/\/www.polyhose.com\/pl\/wp-content\/uploads\/2018\/05\/life-science.jpg 600w\" sizes=\"(max-width: 800px) 100vw, 600px\" \/><\/span><div class=\"fusion-clearfix\"><\/div><\/div><\/div><div class=\"fusion-layout-column fusion_builder_column fusion-builder-column-3 fusion_builder_column_1_1 1_1 fusion-one-full fusion-column-first fusion-column-last\" style=\"margin-top:0px;margin-bottom:20px;\"><div class=\"fusion-column-wrapper fusion-flex-column-wrapper-legacy\" style=\"background-position:left top;background-repeat:no-repeat;-webkit-background-size:cover;-moz-background-size:cover;-o-background-size:cover;background-size:cover;padding: 0px 0px 0px 0px;\"><style type=\"text\/css\"><\/style><div class=\"fusion-title title fusion-title-2 fusion-sep-none fusion-title-text fusion-title-size-three\" style=\"margin-top:0px;margin-bottom:10px;\"><h3 class=\"title-heading-left\" style=\"margin:0;\">Nasze oddzia\u0142y<\/h3><\/div><div class=\"fusion-text fusion-text-2\"><p>Obiekty specialne<br \/>\nDo\u015bwiadczony i wykwalifikowany zesp\u00f3\u0142<br \/>\n300 m2 powierzchni do ekstruzji<br \/>\nExtrusion processed in Class 10,000 Clean Room<br \/>\nProces ekstruzji w klasie 10000 Czyste<br \/>\npomieszczenie zgodnie z ISO 14644<br \/>\nISO 13485 certyfikowane przez TUV SUD<\/p>\n<p><strong>Rodzaje rurek termoplastycznych:<\/strong><br \/>\npojedy\u0144czym &#8211; przezroczyste<br \/>\nnieprzepuszczaj\u0105ce \u015bwiat\u0142a<\/p>\n<p><strong>Budowa<\/strong><br \/>\nRdze\u0144: poliuretan<\/p>\n<\/div><style type=\"text\/css\"><\/style><div class=\"fusion-title title fusion-title-3 fusion-sep-none fusion-title-text fusion-title-size-three\" style=\"margin-top:0px;margin-bottom:10px;\"><h3 class=\"title-heading-left\" style=\"margin:0;\"><strong>Zalety:<\/strong><\/h3><\/div><ul class=\"fusion-checklist fusion-checklist-1\" style=\"font-size:14px;line-height:23.8px;\"><li class=\"fusion-li-item\"><span style=\"height:23.8px;width:23.8px;margin-right:9.8px;\" class=\"icon-wrapper circle-no\"><i class=\"fusion-li-icon fa fa-location-arrow\" style=\"color:#00551d;\" aria-hidden=\"true\"><\/i><\/span><div class=\"fusion-li-item-content\" style=\"margin-left:33.6px;\">\n<p>Wysoka odporno\u015b\u0107 na uszkodzenia<\/p>\n<\/div><\/li><li class=\"fusion-li-item\"><span style=\"height:23.8px;width:23.8px;margin-right:9.8px;\" class=\"icon-wrapper circle-no\"><i class=\"fusion-li-icon fa fa-location-arrow\" style=\"color:#00551d;\" aria-hidden=\"true\"><\/i><\/span><div class=\"fusion-li-item-content\" style=\"margin-left:33.6px;\">\n<p>Elastyczno\u015b\u0107<\/p>\n<\/div><\/li><li class=\"fusion-li-item\"><span style=\"height:23.8px;width:23.8px;margin-right:9.8px;\" class=\"icon-wrapper circle-no\"><i class=\"fusion-li-icon fa fa-location-arrow\" style=\"color:#00551d;\" aria-hidden=\"true\"><\/i><\/span><div class=\"fusion-li-item-content\" style=\"margin-left:33.6px;\">\n<p>Szeroki zakres twardo\u015bci<\/p>\n<\/div><\/li><\/ul><div class=\"fusion-text fusion-text-3\"><p id=\"life_science_heading\" style=\"text-align: center; color: #fff;\">Technical Details<\/p>\n\n<table id=\"tablepress-3\" class=\"tablepress tablepress-id-3 tablepress-responsive\">\n<thead>\n<tr class=\"row-1 odd\">\n\t<th class=\"column-1\">Code<\/th><th class=\"column-2\">Gauge<\/th><th colspan=\"2\" class=\"column-3\">Hose I.D. (Nom.)<\/th><th colspan=\"2\" class=\"column-5\">Hose O.D. (Nom.)<\/th>\n<\/tr>\n<\/thead>\n<tbody class=\"row-hover\">\n<tr class=\"row-2 even\">\n\t<td class=\"column-1\">Part #<\/td><td class=\"column-2\"><\/td><td class=\"column-3\">(In.)<\/td><td class=\"column-4\">(mm)<\/td><td class=\"column-5\">(In.)<\/td><td class=\"column-6\">(mm)<\/td>\n<\/tr>\n<tr class=\"row-3 odd\">\n\t<td class=\"column-1\">T0980021000160XXXX<\/td><td class=\"column-2\">14G<\/td><td class=\"column-3\">0.063<\/td><td class=\"column-4\">1.6<\/td><td class=\"column-5\">0.083<\/td><td class=\"column-6\">2.1<\/td>\n<\/tr>\n<tr class=\"row-4 even\">\n\t<td class=\"column-1\">T0980018000138XXXX<\/td><td class=\"column-2\">16G<\/td><td class=\"column-3\">0.054<\/td><td class=\"column-4\">1.38<\/td><td class=\"column-5\">0.071<\/td><td class=\"column-6\">1.8<\/td>\n<\/tr>\n<tr class=\"row-5 odd\">\n\t<td class=\"column-1\">T0980015000115XXXX<\/td><td class=\"column-2\">17G<\/td><td class=\"column-3\">0.045<\/td><td class=\"column-4\">1.15<\/td><td class=\"column-5\">0.059<\/td><td class=\"column-6\">1.5<\/td>\n<\/tr>\n<tr class=\"row-6 even\">\n\t<td class=\"column-1\">T0980013000095XXXX<\/td><td class=\"column-2\">18G<\/td><td class=\"column-3\">0.037<\/td><td class=\"column-4\">0.95<\/td><td class=\"column-5\">0.051<\/td><td class=\"column-6\">1.3<\/td>\n<\/tr>\n<tr class=\"row-7 odd\">\n\t<td class=\"column-1\">T0980011000078XXXX<\/td><td class=\"column-2\">20G<\/td><td class=\"column-3\">0.031<\/td><td class=\"column-4\">0.78<\/td><td class=\"column-5\">0.043<\/td><td class=\"column-6\">1.1<\/td>\n<\/tr>\n<tr class=\"row-8 even\">\n\t<td class=\"column-1\">T0980009000062XXXX<\/td><td class=\"column-2\">22G<\/td><td class=\"column-3\">0.024<\/td><td class=\"column-4\">0.62<\/td><td class=\"column-5\">0.035<\/td><td class=\"column-6\">0.9<\/td>\n<\/tr>\n<tr class=\"row-9 odd\">\n\t<td class=\"column-1\">T0980007200049XXXX<\/td><td class=\"column-2\">24G<\/td><td class=\"column-3\">0.019<\/td><td class=\"column-4\">0.49<\/td><td class=\"column-5\">0.028<\/td><td class=\"column-6\">0.72<\/td>\n<\/tr>\n<\/tbody>\n<\/table>\n<!-- #tablepress-3 from cache -->\n<\/div><div class=\"fusion-clearfix\"><\/div><\/div><\/div><\/div><\/div>\n","protected":false},"excerpt":{"rendered":"","protected":false},"author":2,"featured_media":0,"parent":0,"menu_order":0,"comment_status":"closed","ping_status":"closed","template":"","meta":[],"yoast_head":"<!-- This site is optimized with the Yoast SEO plugin v19.10 - https:\/\/yoast.com\/wordpress\/plugins\/seo\/ -->\n<title>WYDZIA\u0141 NAUKI \u017bYCIOWEJ | Polyhose Poland<\/title>\n<meta name=\"description\" content=\"Dzia\u0142 Life Science powo\u0142any w 2017 roku w celu dostarczania wysokiej jako\u015bci produkt\u00f3w dla przemys\u0142u medycznego i farmaceutycznego.\" \/>\n<meta name=\"robots\" content=\"index, follow, max-snippet:-1, max-image-preview:large, max-video-preview:-1\" \/>\n<link rel=\"canonical\" href=\"https:\/\/www.polyhose.com\/pl\/life-science\/\" \/>\n<meta property=\"og:locale\" content=\"en_US\" \/>\n<meta property=\"og:type\" content=\"article\" \/>\n<meta property=\"og:title\" content=\"WYDZIA\u0141 NAUKI \u017bYCIOWEJ | Polyhose Poland\" \/>\n<meta property=\"og:description\" content=\"Dzia\u0142 Life Science powo\u0142any w 2017 roku w celu dostarczania wysokiej jako\u015bci produkt\u00f3w dla przemys\u0142u medycznego i farmaceutycznego.\" \/>\n<meta property=\"og:url\" content=\"https:\/\/www.polyhose.com\/pl\/life-science\/\" \/>\n<meta property=\"og:site_name\" content=\"Polyhose Poland\" \/>\n<meta property=\"article:publisher\" content=\"https:\/\/www.facebook.com\/polyhose\/\" \/>\n<meta property=\"article:modified_time\" content=\"2021-12-28T10:11:06+00:00\" \/>\n<meta name=\"twitter:card\" content=\"summary_large_image\" \/>\n<meta name=\"twitter:label1\" content=\"Est. reading time\" \/>\n\t<meta name=\"twitter:data1\" content=\"4 minutes\" \/>\n<script type=\"application\/ld+json\" class=\"yoast-schema-graph\">{\"@context\":\"https:\/\/schema.org\",\"@graph\":[{\"@type\":\"WebPage\",\"@id\":\"https:\/\/www.polyhose.com\/pl\/life-science\/\",\"url\":\"https:\/\/www.polyhose.com\/pl\/life-science\/\",\"name\":\"WYDZIA\u0141 NAUKI \u017bYCIOWEJ | Polyhose Poland\",\"isPartOf\":{\"@id\":\"https:\/\/www.polyhose.com\/pl\/#website\"},\"datePublished\":\"2018-05-19T07:12:40+00:00\",\"dateModified\":\"2021-12-28T10:11:06+00:00\",\"description\":\"Dzia\u0142 Life Science powo\u0142any w 2017 roku w celu dostarczania wysokiej jako\u015bci produkt\u00f3w dla przemys\u0142u medycznego i farmaceutycznego.\",\"breadcrumb\":{\"@id\":\"https:\/\/www.polyhose.com\/pl\/life-science\/#breadcrumb\"},\"inLanguage\":\"en-US\",\"potentialAction\":[{\"@type\":\"ReadAction\",\"target\":[\"https:\/\/www.polyhose.com\/pl\/life-science\/\"]}]},{\"@type\":\"BreadcrumbList\",\"@id\":\"https:\/\/www.polyhose.com\/pl\/life-science\/#breadcrumb\",\"itemListElement\":[{\"@type\":\"ListItem\",\"position\":1,\"name\":\"Home\",\"item\":\"https:\/\/www.polyhose.com\/pl\/\"},{\"@type\":\"ListItem\",\"position\":2,\"name\":\"DZIA\u0141 LIFE SCIENCE\"}]},{\"@type\":\"WebSite\",\"@id\":\"https:\/\/www.polyhose.com\/pl\/#website\",\"url\":\"https:\/\/www.polyhose.com\/pl\/\",\"name\":\"Polyhose Poland\",\"description\":\"Global Leaders in Fluid Solutions\",\"publisher\":{\"@id\":\"https:\/\/www.polyhose.com\/pl\/#organization\"},\"potentialAction\":[{\"@type\":\"SearchAction\",\"target\":{\"@type\":\"EntryPoint\",\"urlTemplate\":\"https:\/\/www.polyhose.com\/pl\/?s={search_term_string}\"},\"query-input\":\"required name=search_term_string\"}],\"inLanguage\":\"en-US\"},{\"@type\":\"Organization\",\"@id\":\"https:\/\/www.polyhose.com\/pl\/#organization\",\"name\":\"POLYHOSE POLAND Sp. z o.o\",\"url\":\"https:\/\/www.polyhose.com\/pl\/\",\"logo\":{\"@type\":\"ImageObject\",\"inLanguage\":\"en-US\",\"@id\":\"https:\/\/www.polyhose.com\/pl\/#\/schema\/logo\/image\/\",\"url\":\"https:\/\/www.polyhose.com\/pl\/wp-content\/uploads\/2018\/05\/main-logo.png\",\"contentUrl\":\"https:\/\/www.polyhose.com\/pl\/wp-content\/uploads\/2018\/05\/main-logo.png\",\"width\":250,\"height\":100,\"caption\":\"POLYHOSE POLAND Sp. z o.o\"},\"image\":{\"@id\":\"https:\/\/www.polyhose.com\/pl\/#\/schema\/logo\/image\/\"},\"sameAs\":[\"https:\/\/www.linkedin.com\/company\/polyhose-india-pvt-ltd\/\",\"https:\/\/www.facebook.com\/polyhose\/\"]}]}<\/script>\n<!-- \/ Yoast SEO plugin. -->","yoast_head_json":{"title":"WYDZIA\u0141 NAUKI \u017bYCIOWEJ | Polyhose Poland","description":"Dzia\u0142 Life Science powo\u0142any w 2017 roku w celu dostarczania wysokiej jako\u015bci produkt\u00f3w dla przemys\u0142u medycznego i farmaceutycznego.","robots":{"index":"index","follow":"follow","max-snippet":"max-snippet:-1","max-image-preview":"max-image-preview:large","max-video-preview":"max-video-preview:-1"},"canonical":"https:\/\/www.polyhose.com\/pl\/life-science\/","og_locale":"en_US","og_type":"article","og_title":"WYDZIA\u0141 NAUKI \u017bYCIOWEJ | Polyhose Poland","og_description":"Dzia\u0142 Life Science powo\u0142any w 2017 roku w celu dostarczania wysokiej jako\u015bci produkt\u00f3w dla przemys\u0142u medycznego i farmaceutycznego.","og_url":"https:\/\/www.polyhose.com\/pl\/life-science\/","og_site_name":"Polyhose Poland","article_publisher":"https:\/\/www.facebook.com\/polyhose\/","article_modified_time":"2021-12-28T10:11:06+00:00","twitter_card":"summary_large_image","twitter_misc":{"Est. reading time":"4 minutes"},"schema":{"@context":"https:\/\/schema.org","@graph":[{"@type":"WebPage","@id":"https:\/\/www.polyhose.com\/pl\/life-science\/","url":"https:\/\/www.polyhose.com\/pl\/life-science\/","name":"WYDZIA\u0141 NAUKI \u017bYCIOWEJ | Polyhose Poland","isPartOf":{"@id":"https:\/\/www.polyhose.com\/pl\/#website"},"datePublished":"2018-05-19T07:12:40+00:00","dateModified":"2021-12-28T10:11:06+00:00","description":"Dzia\u0142 Life Science powo\u0142any w 2017 roku w celu dostarczania wysokiej jako\u015bci produkt\u00f3w dla przemys\u0142u medycznego i farmaceutycznego.","breadcrumb":{"@id":"https:\/\/www.polyhose.com\/pl\/life-science\/#breadcrumb"},"inLanguage":"en-US","potentialAction":[{"@type":"ReadAction","target":["https:\/\/www.polyhose.com\/pl\/life-science\/"]}]},{"@type":"BreadcrumbList","@id":"https:\/\/www.polyhose.com\/pl\/life-science\/#breadcrumb","itemListElement":[{"@type":"ListItem","position":1,"name":"Home","item":"https:\/\/www.polyhose.com\/pl\/"},{"@type":"ListItem","position":2,"name":"DZIA\u0141 LIFE SCIENCE"}]},{"@type":"WebSite","@id":"https:\/\/www.polyhose.com\/pl\/#website","url":"https:\/\/www.polyhose.com\/pl\/","name":"Polyhose Poland","description":"Global Leaders in Fluid Solutions","publisher":{"@id":"https:\/\/www.polyhose.com\/pl\/#organization"},"potentialAction":[{"@type":"SearchAction","target":{"@type":"EntryPoint","urlTemplate":"https:\/\/www.polyhose.com\/pl\/?s={search_term_string}"},"query-input":"required name=search_term_string"}],"inLanguage":"en-US"},{"@type":"Organization","@id":"https:\/\/www.polyhose.com\/pl\/#organization","name":"POLYHOSE POLAND Sp. z o.o","url":"https:\/\/www.polyhose.com\/pl\/","logo":{"@type":"ImageObject","inLanguage":"en-US","@id":"https:\/\/www.polyhose.com\/pl\/#\/schema\/logo\/image\/","url":"https:\/\/www.polyhose.com\/pl\/wp-content\/uploads\/2018\/05\/main-logo.png","contentUrl":"https:\/\/www.polyhose.com\/pl\/wp-content\/uploads\/2018\/05\/main-logo.png","width":250,"height":100,"caption":"POLYHOSE POLAND Sp. z o.o"},"image":{"@id":"https:\/\/www.polyhose.com\/pl\/#\/schema\/logo\/image\/"},"sameAs":["https:\/\/www.linkedin.com\/company\/polyhose-india-pvt-ltd\/","https:\/\/www.facebook.com\/polyhose\/"]}]}},"_links":{"self":[{"href":"https:\/\/www.polyhose.com\/pl\/wp-json\/wp\/v2\/pages\/22289"}],"collection":[{"href":"https:\/\/www.polyhose.com\/pl\/wp-json\/wp\/v2\/pages"}],"about":[{"href":"https:\/\/www.polyhose.com\/pl\/wp-json\/wp\/v2\/types\/page"}],"author":[{"embeddable":true,"href":"https:\/\/www.polyhose.com\/pl\/wp-json\/wp\/v2\/users\/2"}],"replies":[{"embeddable":true,"href":"https:\/\/www.polyhose.com\/pl\/wp-json\/wp\/v2\/comments?post=22289"}],"version-history":[{"count":3,"href":"https:\/\/www.polyhose.com\/pl\/wp-json\/wp\/v2\/pages\/22289\/revisions"}],"predecessor-version":[{"id":26282,"href":"https:\/\/www.polyhose.com\/pl\/wp-json\/wp\/v2\/pages\/22289\/revisions\/26282"}],"wp:attachment":[{"href":"https:\/\/www.polyhose.com\/pl\/wp-json\/wp\/v2\/media?parent=22289"}],"curies":[{"name":"wp","href":"https:\/\/api.w.org\/{rel}","templated":true}]}}