{"id":21338,"date":"2018-05-15T05:58:04","date_gmt":"2018-05-15T05:58:04","guid":{"rendered":"https:\/\/www.polyhose.com\/pl\/?page_id=21338"},"modified":"2021-12-28T11:42:51","modified_gmt":"2021-12-28T10:42:51","slug":"ss-flexible-hose","status":"publish","type":"page","link":"https:\/\/www.polyhose.com\/pl\/ss-flexible-hose\/","title":{"rendered":"SS Flexible Hose"},"content":{"rendered":"<p><div class=\"fusion-fullwidth fullwidth-box fusion-builder-row-1 nonhundred-percent-fullwidth non-hundred-percent-height-scrolling\" style=\"background-color: #ffffff;background-position: center center;background-repeat: no-repeat;padding-top:0px;padding-right:0px;padding-bottom:0px;padding-left:0px;margin-bottom: 0px;margin-top: 0px;border-width: 0px 0px 0px 0px;border-color:#eae9e9;border-style:solid;\" ><div class=\"fusion-builder-row fusion-row\"><div class=\"fusion-layout-column fusion_builder_column fusion-builder-column-0 fusion_builder_column_1_1 1_1 fusion-one-full fusion-column-first fusion-column-last\" style=\"margin-top:0px;margin-bottom:20px;\"><div class=\"fusion-column-wrapper fusion-flex-column-wrapper-legacy\" style=\"background-position:left top;background-repeat:no-repeat;-webkit-background-size:cover;-moz-background-size:cover;-o-background-size:cover;background-size:cover;padding: 0px 0px 0px 0px;\"><a href=\"https:\/\/www.polyhose.com\/wp-content\/uploads\/2018\/09\/ss-flexible-hose.pdf\" target=\"_blank\"><button class=\"polyhose_download_pdf\">Download PDF<\/button><\/a><div class=\"fusion-clearfix\"><\/div><\/div><\/div><div class=\"fusion-layout-column fusion_builder_column fusion-builder-column-1 fusion_builder_column_1_1 1_1 fusion-one-full fusion-column-first fusion-column-last\" style=\"margin-top:0px;margin-bottom:20px;\"><div class=\"fusion-column-wrapper fusion-flex-column-wrapper-legacy\" style=\"background-position:left top;background-repeat:no-repeat;-webkit-background-size:cover;-moz-background-size:cover;-o-background-size:cover;background-size:cover;padding: 0px 0px 0px 0px;\"><style type=\"text\/css\"><\/style><div class=\"fusion-title title fusion-title-1 fusion-sep-none fusion-title-center fusion-title-text fusion-title-size-three\" style=\"margin-top:0px;margin-bottom:30px;\"><h3 class=\"title-heading-center\" style=\"margin:0;\">SS CORRUGATED FLEXIBLE HOSE<\/h3><\/div><style type=\"text\/css\"><\/style><div class=\"fusion-title title fusion-title-2 fusion-sep-none fusion-title-center fusion-title-text fusion-title-size-three\" style=\"margin-top:0px;margin-bottom:30px;\"><h3 class=\"title-heading-center\" style=\"margin:0;\"><h3 style=\"border: 3px solid #d6c194; padding: 15px; display: inline-block;\">PRODUCT NOMENCLATURE<\/h3><\/h3><\/div><span class=\" fusion-imageframe imageframe-none imageframe-1 hover-type-none\"><img decoding=\"async\" width=\"2076\" height=\"2725\" title=\"ss-flexible-1\" src=\"https:\/\/www.polyhose.com\/pl\/wp-content\/uploads\/2018\/08\/ss-flexible-1.png\" class=\"img-responsive wp-image-22840\" srcset=\"https:\/\/www.polyhose.com\/pl\/wp-content\/uploads\/2018\/08\/ss-flexible-1-200x263.png 200w, https:\/\/www.polyhose.com\/pl\/wp-content\/uploads\/2018\/08\/ss-flexible-1-400x525.png 400w, https:\/\/www.polyhose.com\/pl\/wp-content\/uploads\/2018\/08\/ss-flexible-1-600x788.png 600w, https:\/\/www.polyhose.com\/pl\/wp-content\/uploads\/2018\/08\/ss-flexible-1-800x1050.png 800w, https:\/\/www.polyhose.com\/pl\/wp-content\/uploads\/2018\/08\/ss-flexible-1-1200x1575.png 1200w, https:\/\/www.polyhose.com\/pl\/wp-content\/uploads\/2018\/08\/ss-flexible-1.png 2076w\" sizes=\"(max-width: 800px) 100vw, 1200px\" \/><\/span><div class=\"fusion-clearfix\"><\/div><\/div><\/div><\/div><\/div><div class=\"fusion-fullwidth fullwidth-box fusion-builder-row-2 nonhundred-percent-fullwidth non-hundred-percent-height-scrolling\" style=\"background-color: #ffffff;background-position: center center;background-repeat: no-repeat;padding-top:0px;padding-right:0px;padding-bottom:0px;padding-left:0px;margin-bottom: 0px;margin-top: 0px;border-width: 0px 0px 0px 0px;border-color:#eae9e9;border-style:solid;\" ><div class=\"fusion-builder-row fusion-row\"><div class=\"fusion-layout-column fusion_builder_column fusion-builder-column-2 fusion_builder_column_1_1 1_1 fusion-one-full fusion-column-first fusion-column-last\" style=\"margin-top:0px;margin-bottom:20px;\"><div class=\"fusion-column-wrapper fusion-flex-column-wrapper-legacy\" style=\"background-position:left top;background-repeat:no-repeat;-webkit-background-size:cover;-moz-background-size:cover;-o-background-size:cover;background-size:cover;padding: 0px 0px 0px 0px;\"><style type=\"text\/css\"><\/style><div class=\"fusion-title title fusion-title-3 fusion-sep-none fusion-title-text fusion-title-size-two\" style=\"margin-top:0px;margin-bottom:30px;\"><h2 class=\"title-heading-left\" style=\"margin:0;\">STANDARD CORRUGATED FLEXIBLE METAL HOSE<\/h2><\/div><table id=\"polyhose_ss_flexible\">\n<tbody>\n<tr>\n<td><p><b>Structure<\/b><\/p><\/td>\n<td><p>Annular corrugated flexible metal hoses can be produced from longitudinally welded tubes corrugated mechanically with or with out braiding<\/p><\/td>\n<\/tr>\n<tr>\n<td><p><b>Standards<\/b><\/p><\/td>\n<td><p>We are following EN ISO 10380 for stainless steel corrugated flexible hoses<\/p><\/td>\n<\/tr>\n<tr>\n<td><p><b>Hose material<\/b><\/p><\/td>\n<td><p>Stainless steel AISI 304, AISI 321 and AISI316L<\/p><\/td>\n<\/tr>\n<tr>\n<td><p><b>Braiding material<\/b><\/p><\/td>\n<td><p>Stainless steel AISI 304 and 316 L<\/p><\/td>\n<\/tr>\n<tr>\n<td><p><b>Suitable fittings types<\/b><\/p><\/td>\n<td><p>Threaded ends welded connections Flanges as per customer specifications<\/p><\/td>\n<\/tr>\n<tr>\n<td><p><b>Product supplied Coils<\/b><\/p><\/td>\n<td><p>DN6-25 -15m, 25m, 30m and 50m<\/p>\n<p>DN32-50 -15m, 25m,30m and 50m<\/p>\n<p>DN65-100 -25m<\/p>\n<\/td>\n<\/tr>\n<\/tbody>\n<\/table>\n<b>Note: Please contact our sales team for specific lengths<\/b><span class=\" fusion-imageframe imageframe-none imageframe-2 hover-type-none\"><img decoding=\"async\" width=\"2359\" height=\"2380\" title=\"ss-flexible-image\" src=\"https:\/\/www.polyhose.com\/pl\/wp-content\/uploads\/2018\/09\/ss-flexible-image.png\" class=\"img-responsive wp-image-22870\" srcset=\"https:\/\/www.polyhose.com\/pl\/wp-content\/uploads\/2018\/09\/ss-flexible-image-200x202.png 200w, https:\/\/www.polyhose.com\/pl\/wp-content\/uploads\/2018\/09\/ss-flexible-image-400x404.png 400w, https:\/\/www.polyhose.com\/pl\/wp-content\/uploads\/2018\/09\/ss-flexible-image-600x605.png 600w, https:\/\/www.polyhose.com\/pl\/wp-content\/uploads\/2018\/09\/ss-flexible-image-800x807.png 800w, https:\/\/www.polyhose.com\/pl\/wp-content\/uploads\/2018\/09\/ss-flexible-image-1200x1211.png 1200w, https:\/\/www.polyhose.com\/pl\/wp-content\/uploads\/2018\/09\/ss-flexible-image.png 2359w\" sizes=\"(max-width: 800px) 100vw, 1200px\" \/><\/span><div class=\"fusion-clearfix\"><\/div><\/div><\/div><\/div><\/div><\/p>\n","protected":false},"excerpt":{"rendered":"","protected":false},"author":2,"featured_media":0,"parent":0,"menu_order":0,"comment_status":"closed","ping_status":"closed","template":"","meta":[],"yoast_head":"<!-- This site is optimized with the Yoast SEO plugin v19.10 - https:\/\/yoast.com\/wordpress\/plugins\/seo\/ -->\n<title>Dostawca i producent elastycznych w\u0119\u017cy SS - Polyhose Poland<\/title>\n<meta name=\"description\" content=\"Dostawca i producent elastycznych w\u0119\u017cy SS - Polyhose Poland\" \/>\n<meta name=\"robots\" content=\"index, follow, max-snippet:-1, max-image-preview:large, max-video-preview:-1\" \/>\n<link rel=\"canonical\" href=\"https:\/\/www.polyhose.com\/pl\/ss-flexible-hose\/\" \/>\n<meta property=\"og:locale\" content=\"en_US\" \/>\n<meta property=\"og:type\" content=\"article\" \/>\n<meta property=\"og:title\" content=\"Dostawca i producent elastycznych w\u0119\u017cy SS - Polyhose Poland\" \/>\n<meta property=\"og:description\" content=\"Dostawca i producent elastycznych w\u0119\u017cy SS - Polyhose Poland\" \/>\n<meta property=\"og:url\" content=\"https:\/\/www.polyhose.com\/pl\/ss-flexible-hose\/\" \/>\n<meta property=\"og:site_name\" content=\"Polyhose Poland\" \/>\n<meta property=\"article:publisher\" content=\"https:\/\/www.facebook.com\/polyhose\/\" \/>\n<meta property=\"article:modified_time\" content=\"2021-12-28T10:42:51+00:00\" \/>\n<meta name=\"twitter:card\" content=\"summary_large_image\" \/>\n<meta name=\"twitter:label1\" content=\"Est. reading time\" \/>\n\t<meta name=\"twitter:data1\" content=\"5 minutes\" \/>\n<script type=\"application\/ld+json\" class=\"yoast-schema-graph\">{\"@context\":\"https:\/\/schema.org\",\"@graph\":[{\"@type\":\"WebPage\",\"@id\":\"https:\/\/www.polyhose.com\/pl\/ss-flexible-hose\/\",\"url\":\"https:\/\/www.polyhose.com\/pl\/ss-flexible-hose\/\",\"name\":\"Dostawca i producent elastycznych w\u0119\u017cy SS - Polyhose Poland\",\"isPartOf\":{\"@id\":\"https:\/\/www.polyhose.com\/pl\/#website\"},\"datePublished\":\"2018-05-15T05:58:04+00:00\",\"dateModified\":\"2021-12-28T10:42:51+00:00\",\"description\":\"Dostawca i producent elastycznych w\u0119\u017cy SS - Polyhose Poland\",\"breadcrumb\":{\"@id\":\"https:\/\/www.polyhose.com\/pl\/ss-flexible-hose\/#breadcrumb\"},\"inLanguage\":\"en-US\",\"potentialAction\":[{\"@type\":\"ReadAction\",\"target\":[\"https:\/\/www.polyhose.com\/pl\/ss-flexible-hose\/\"]}]},{\"@type\":\"BreadcrumbList\",\"@id\":\"https:\/\/www.polyhose.com\/pl\/ss-flexible-hose\/#breadcrumb\",\"itemListElement\":[{\"@type\":\"ListItem\",\"position\":1,\"name\":\"Home\",\"item\":\"https:\/\/www.polyhose.com\/pl\/\"},{\"@type\":\"ListItem\",\"position\":2,\"name\":\"SS Flexible Hose\"}]},{\"@type\":\"WebSite\",\"@id\":\"https:\/\/www.polyhose.com\/pl\/#website\",\"url\":\"https:\/\/www.polyhose.com\/pl\/\",\"name\":\"Polyhose Poland\",\"description\":\"Global Leaders in Fluid Solutions\",\"publisher\":{\"@id\":\"https:\/\/www.polyhose.com\/pl\/#organization\"},\"potentialAction\":[{\"@type\":\"SearchAction\",\"target\":{\"@type\":\"EntryPoint\",\"urlTemplate\":\"https:\/\/www.polyhose.com\/pl\/?s={search_term_string}\"},\"query-input\":\"required name=search_term_string\"}],\"inLanguage\":\"en-US\"},{\"@type\":\"Organization\",\"@id\":\"https:\/\/www.polyhose.com\/pl\/#organization\",\"name\":\"POLYHOSE POLAND Sp. z o.o\",\"url\":\"https:\/\/www.polyhose.com\/pl\/\",\"logo\":{\"@type\":\"ImageObject\",\"inLanguage\":\"en-US\",\"@id\":\"https:\/\/www.polyhose.com\/pl\/#\/schema\/logo\/image\/\",\"url\":\"https:\/\/www.polyhose.com\/pl\/wp-content\/uploads\/2018\/05\/main-logo.png\",\"contentUrl\":\"https:\/\/www.polyhose.com\/pl\/wp-content\/uploads\/2018\/05\/main-logo.png\",\"width\":250,\"height\":100,\"caption\":\"POLYHOSE POLAND Sp. z o.o\"},\"image\":{\"@id\":\"https:\/\/www.polyhose.com\/pl\/#\/schema\/logo\/image\/\"},\"sameAs\":[\"https:\/\/www.linkedin.com\/company\/polyhose-india-pvt-ltd\/\",\"https:\/\/www.facebook.com\/polyhose\/\"]}]}<\/script>\n<!-- \/ Yoast SEO plugin. -->","yoast_head_json":{"title":"Dostawca i producent elastycznych w\u0119\u017cy SS - Polyhose Poland","description":"Dostawca i producent elastycznych w\u0119\u017cy SS - Polyhose Poland","robots":{"index":"index","follow":"follow","max-snippet":"max-snippet:-1","max-image-preview":"max-image-preview:large","max-video-preview":"max-video-preview:-1"},"canonical":"https:\/\/www.polyhose.com\/pl\/ss-flexible-hose\/","og_locale":"en_US","og_type":"article","og_title":"Dostawca i producent elastycznych w\u0119\u017cy SS - Polyhose Poland","og_description":"Dostawca i producent elastycznych w\u0119\u017cy SS - Polyhose Poland","og_url":"https:\/\/www.polyhose.com\/pl\/ss-flexible-hose\/","og_site_name":"Polyhose Poland","article_publisher":"https:\/\/www.facebook.com\/polyhose\/","article_modified_time":"2021-12-28T10:42:51+00:00","twitter_card":"summary_large_image","twitter_misc":{"Est. reading time":"5 minutes"},"schema":{"@context":"https:\/\/schema.org","@graph":[{"@type":"WebPage","@id":"https:\/\/www.polyhose.com\/pl\/ss-flexible-hose\/","url":"https:\/\/www.polyhose.com\/pl\/ss-flexible-hose\/","name":"Dostawca i producent elastycznych w\u0119\u017cy SS - Polyhose Poland","isPartOf":{"@id":"https:\/\/www.polyhose.com\/pl\/#website"},"datePublished":"2018-05-15T05:58:04+00:00","dateModified":"2021-12-28T10:42:51+00:00","description":"Dostawca i producent elastycznych w\u0119\u017cy SS - Polyhose Poland","breadcrumb":{"@id":"https:\/\/www.polyhose.com\/pl\/ss-flexible-hose\/#breadcrumb"},"inLanguage":"en-US","potentialAction":[{"@type":"ReadAction","target":["https:\/\/www.polyhose.com\/pl\/ss-flexible-hose\/"]}]},{"@type":"BreadcrumbList","@id":"https:\/\/www.polyhose.com\/pl\/ss-flexible-hose\/#breadcrumb","itemListElement":[{"@type":"ListItem","position":1,"name":"Home","item":"https:\/\/www.polyhose.com\/pl\/"},{"@type":"ListItem","position":2,"name":"SS Flexible Hose"}]},{"@type":"WebSite","@id":"https:\/\/www.polyhose.com\/pl\/#website","url":"https:\/\/www.polyhose.com\/pl\/","name":"Polyhose Poland","description":"Global Leaders in Fluid Solutions","publisher":{"@id":"https:\/\/www.polyhose.com\/pl\/#organization"},"potentialAction":[{"@type":"SearchAction","target":{"@type":"EntryPoint","urlTemplate":"https:\/\/www.polyhose.com\/pl\/?s={search_term_string}"},"query-input":"required name=search_term_string"}],"inLanguage":"en-US"},{"@type":"Organization","@id":"https:\/\/www.polyhose.com\/pl\/#organization","name":"POLYHOSE POLAND Sp. z o.o","url":"https:\/\/www.polyhose.com\/pl\/","logo":{"@type":"ImageObject","inLanguage":"en-US","@id":"https:\/\/www.polyhose.com\/pl\/#\/schema\/logo\/image\/","url":"https:\/\/www.polyhose.com\/pl\/wp-content\/uploads\/2018\/05\/main-logo.png","contentUrl":"https:\/\/www.polyhose.com\/pl\/wp-content\/uploads\/2018\/05\/main-logo.png","width":250,"height":100,"caption":"POLYHOSE POLAND Sp. z o.o"},"image":{"@id":"https:\/\/www.polyhose.com\/pl\/#\/schema\/logo\/image\/"},"sameAs":["https:\/\/www.linkedin.com\/company\/polyhose-india-pvt-ltd\/","https:\/\/www.facebook.com\/polyhose\/"]}]}},"_links":{"self":[{"href":"https:\/\/www.polyhose.com\/pl\/wp-json\/wp\/v2\/pages\/21338"}],"collection":[{"href":"https:\/\/www.polyhose.com\/pl\/wp-json\/wp\/v2\/pages"}],"about":[{"href":"https:\/\/www.polyhose.com\/pl\/wp-json\/wp\/v2\/types\/page"}],"author":[{"embeddable":true,"href":"https:\/\/www.polyhose.com\/pl\/wp-json\/wp\/v2\/users\/2"}],"replies":[{"embeddable":true,"href":"https:\/\/www.polyhose.com\/pl\/wp-json\/wp\/v2\/comments?post=21338"}],"version-history":[{"count":1,"href":"https:\/\/www.polyhose.com\/pl\/wp-json\/wp\/v2\/pages\/21338\/revisions"}],"predecessor-version":[{"id":26429,"href":"https:\/\/www.polyhose.com\/pl\/wp-json\/wp\/v2\/pages\/21338\/revisions\/26429"}],"wp:attachment":[{"href":"https:\/\/www.polyhose.com\/pl\/wp-json\/wp\/v2\/media?parent=21338"}],"curies":[{"name":"wp","href":"https:\/\/api.w.org\/{rel}","templated":true}]}}