{"id":20840,"date":"2018-05-12T05:33:35","date_gmt":"2018-05-12T05:33:35","guid":{"rendered":"https:\/\/www.polyhose.com\/pl\/?page_id=20840"},"modified":"2019-09-17T13:15:04","modified_gmt":"2019-09-17T11:15:04","slug":"enquiry","status":"publish","type":"page","link":"https:\/\/www.polyhose.com\/pl\/enquiry\/","title":{"rendered":"Enquiry"},"content":{"rendered":"<div class=\"fusion-fullwidth fullwidth-box fusion-builder-row-1 nonhundred-percent-fullwidth non-hundred-percent-height-scrolling\" style=\"background-color: #ffffff;background-position: center center;background-repeat: no-repeat;padding-top:0px;padding-right:0px;padding-bottom:0px;padding-left:0px;margin-bottom: 0px;margin-top: 0px;border-width: 0px 0px 0px 0px;border-color:#eae9e9;border-style:solid;\" ><div class=\"fusion-builder-row fusion-row\"><div class=\"fusion-layout-column fusion_builder_column fusion-builder-column-0 fusion_builder_column_1_1 1_1 fusion-one-full fusion-column-first fusion-column-last\" style=\"margin-top:0px;margin-bottom:20px;\"><div class=\"fusion-column-wrapper fusion-flex-column-wrapper-legacy\" style=\"background-position:left top;background-repeat:no-repeat;-webkit-background-size:cover;-moz-background-size:cover;-o-background-size:cover;background-size:cover;padding: 0px 0px 0px 0px;\"><style type=\"text\/css\"><\/style><div class=\"fusion-title title fusion-title-1 fusion-sep-none fusion-title-text fusion-title-size-one\" style=\"margin-top:0px;margin-bottom:0px;\"><h1 class=\"title-heading-left\" style=\"margin:0;\">FORMULARZ ZAPYTANIA<\/h1><\/div><div class=\"fusion-clearfix\"><\/div><\/div><\/div><div class=\"fusion-layout-column fusion_builder_column fusion-builder-column-1 fusion_builder_column_1_2 1_2 fusion-one-half fusion-column-first\" style=\"width:50%;width:calc(50% - ( ( 4% ) * 0.5 ) );margin-right: 4%;margin-top:0px;margin-bottom:20px;\"><div class=\"fusion-column-wrapper fusion-flex-column-wrapper-legacy\" style=\"background-position:left top;background-repeat:no-repeat;-webkit-background-size:cover;-moz-background-size:cover;-o-background-size:cover;background-size:cover;padding: 0px 0px 0px 0px;\"><div class=\"fusion-text fusion-text-1\"><div role=\"form\" class=\"wpcf7\" id=\"wpcf7-f20842-o1\" lang=\"en-US\" dir=\"ltr\">\n<div class=\"screen-reader-response\"><p role=\"status\" aria-live=\"polite\" aria-atomic=\"true\"><\/p> <ul><\/ul><\/div>\n<form action=\"\/pl\/wp-json\/wp\/v2\/pages\/20840#wpcf7-f20842-o1\" method=\"post\" class=\"wpcf7-form init\" novalidate=\"novalidate\" data-status=\"init\">\n<div style=\"display: none;\">\n<input type=\"hidden\" name=\"_wpcf7\" value=\"20842\" \/>\n<input type=\"hidden\" name=\"_wpcf7_version\" value=\"5.6.4\" \/>\n<input type=\"hidden\" name=\"_wpcf7_locale\" value=\"en_US\" \/>\n<input type=\"hidden\" name=\"_wpcf7_unit_tag\" value=\"wpcf7-f20842-o1\" \/>\n<input type=\"hidden\" name=\"_wpcf7_container_post\" value=\"0\" \/>\n<input type=\"hidden\" name=\"_wpcf7_posted_data_hash\" value=\"\" \/>\n<input type=\"hidden\" name=\"_wpcf7_recaptcha_response\" value=\"\" \/>\n<\/div>\n<div class=\"row\">\n<div class=\"col-lg-12 col-md-12 col-sm-12 col-xs-12 enquiry_ptop\">\n<span class=\"wpcf7-form-control-wrap\" data-name=\"your-name\"><input type=\"text\" name=\"your-name\" value=\"\" size=\"40\" class=\"wpcf7-form-control wpcf7-text wpcf7-validates-as-required\" aria-required=\"true\" aria-invalid=\"false\" placeholder=\"Imi\u0119 i nazwisko*\" \/><\/span><\/div>\n<div class=\"col-lg-12 col-md-12 col-sm-12 col-xs-12 enquiry_ptop\"><span class=\"wpcf7-form-control-wrap\" data-name=\"company\"><input type=\"text\" name=\"company\" value=\"\" size=\"40\" class=\"wpcf7-form-control wpcf7-text wpcf7-validates-as-required\" aria-required=\"true\" aria-invalid=\"false\" placeholder=\"Nazwa firmy*\" \/><\/span><\/div>\n<div class=\"col-lg-6 col-md-6 col-sm-6 col-xs-12 enquiry_ptop\">\n<span class=\"wpcf7-form-control-wrap\" data-name=\"your-country\"><input type=\"text\" name=\"your-country\" value=\"\" size=\"40\" class=\"wpcf7-form-control wpcf7-text wpcf7-validates-as-required\" aria-required=\"true\" aria-invalid=\"false\" placeholder=\"Country *\" \/><\/span><\/div>\n<div class=\"col-lg-6 col-md-6 col-sm-6 col-xs-12 enquiry_ptop\">\n<span class=\"wpcf7-form-control-wrap\" data-name=\"State\"><input type=\"text\" name=\"State\" value=\"\" size=\"40\" class=\"wpcf7-form-control wpcf7-text\" aria-invalid=\"false\" placeholder=\"Region\" \/><\/span><\/div>\n<div class=\"col-lg-6 col-md-6 col-sm-6 col-xs-12 enquiry_ptop\">\n<span class=\"wpcf7-form-control-wrap\" data-name=\"phone\"><input type=\"text\" name=\"phone\" value=\"\" size=\"40\" class=\"wpcf7-form-control wpcf7-text wpcf7-validates-as-required\" aria-required=\"true\" aria-invalid=\"false\" placeholder=\"Telefon*\" \/><\/span><\/div>\n<div class=\"col-lg-6 col-md-6 col-sm-6 col-xs-12 enquiry_ptop\">\n<span class=\"wpcf7-form-control-wrap\" data-name=\"email\"><input type=\"email\" name=\"email\" value=\"\" size=\"40\" class=\"wpcf7-form-control wpcf7-text wpcf7-email wpcf7-validates-as-required wpcf7-validates-as-email\" aria-required=\"true\" aria-invalid=\"false\" placeholder=\"Email*\" \/><\/span><\/div>\n<div  class=\"col-lg-12 col-md-12 col-sm-12 col-xs-12 enquiry_ptop\">\n<span class=\"wpcf7-form-control-wrap\" data-name=\"product-category\"><select name=\"product-category\" class=\"wpcf7-form-control wpcf7-select wpcf7-validates-as-required\" id=\"product_category\" aria-required=\"true\" aria-invalid=\"false\"><option value=\"Wybierz kategori\u0119 produktu\">Wybierz kategori\u0119 produktu<\/option><option value=\"w\u0119\u017ce termoplastyczne\">w\u0119\u017ce termoplastyczne<\/option><option value=\"w\u0119\u017ce PTFE\">w\u0119\u017ce PTFE<\/option><option value=\"w\u0119\u017ce hydrauliczne\">w\u0119\u017ce hydrauliczne<\/option><option value=\"w\u0119\u017ce przemys\u0142owe\">w\u0119\u017ce przemys\u0142owe<\/option><option value=\"w\u0119\u017ce kompozytowe\">w\u0119\u017ce kompozytowe<\/option><option value=\"w\u0119\u017ce UHP\">w\u0119\u017ce UHP<\/option><option value=\"w\u0119\u017ce elastyczne ze stali nierdzewnej\">w\u0119\u017ce elastyczne ze stali nierdzewnej<\/option><option value=\"z\u0142\u0105cza hydrauliczne\">z\u0142\u0105cza hydrauliczne<\/option><option value=\"Pozosta\u0142e\">Pozosta\u0142e<\/option><\/select><\/span><\/div>\n<div  class=\"col-lg-12 col-md-12 col-sm-12 col-xs-12 enquiry_ptop\">\n<span class=\"wpcf7-form-control-wrap\" data-name=\"subject\"><input type=\"text\" name=\"subject\" value=\"\" size=\"40\" class=\"wpcf7-form-control wpcf7-text wpcf7-validates-as-required\" aria-required=\"true\" aria-invalid=\"false\" placeholder=\"Temat*\" \/><\/span><\/div>\n<div class=\"col-lg-12 col-md-12 col-sm-12 col-xs-12 enquiry_ptop\">\n<span class=\"wpcf7-form-control-wrap\" data-name=\"textarea\"><textarea name=\"textarea\" cols=\"40\" rows=\"10\" class=\"wpcf7-form-control wpcf7-textarea\" id=\"enquiry_message\" aria-invalid=\"false\" placeholder=\"Tre\u015b\u0107 wiadomo\u015bci\"><\/textarea><\/span><\/div>\n<div class=\"col-lg-12 col-md-12 col-sm-12 col-xs-12 enquiry_ptop\"><input type=\"submit\" value=\"Wy\u015blij\" class=\"wpcf7-form-control has-spinner wpcf7-submit\" id=\"form_enqury_submit\" \/><\/div>\n<\/div>\n<p style=\"display: none !important;\"><label>&#916;<textarea name=\"_wpcf7_ak_hp_textarea\" cols=\"45\" rows=\"8\" maxlength=\"100\"><\/textarea><\/label><input type=\"hidden\" id=\"ak_js_1\" name=\"_wpcf7_ak_js\" value=\"30\"\/><script>document.getElementById( \"ak_js_1\" ).setAttribute( \"value\", ( new Date() ).getTime() );<\/script><\/p><div class=\"fusion-alert alert custom alert-custom fusion-alert-center wpcf7-response-output alert-dismissable\" style=\"border-width:1px;\"><button type=\"button\" class=\"close toggle-alert\" data-dismiss=\"alert\" aria-hidden=\"true\">&times;<\/button><div class=\"fusion-alert-content-wrapper\"><span class=\"fusion-alert-content\"><\/span><\/div><\/div><\/form><\/div>\n<\/div><div class=\"fusion-clearfix\"><\/div><\/div><\/div><\/div><\/div>\n","protected":false},"excerpt":{"rendered":"","protected":false},"author":2,"featured_media":0,"parent":0,"menu_order":0,"comment_status":"closed","ping_status":"closed","template":"","meta":[],"yoast_head":"<!-- This site is optimized with the Yoast SEO plugin v19.10 - https:\/\/yoast.com\/wordpress\/plugins\/seo\/ -->\n<title>Fill In Free Inquiry Form For The Best Quote on The Market : Polyhose<\/title>\n<meta name=\"description\" content=\"Fill In Free Inquiry Form For The Best Quote on The Market. Please, submit your order instructions here and receive quote proposals from our support team.\" \/>\n<meta name=\"robots\" content=\"index, follow, max-snippet:-1, max-image-preview:large, max-video-preview:-1\" \/>\n<link rel=\"canonical\" href=\"https:\/\/www.polyhose.com\/pl\/enquiry\/\" \/>\n<meta property=\"og:locale\" content=\"en_US\" \/>\n<meta property=\"og:type\" content=\"article\" \/>\n<meta property=\"og:title\" content=\"Fill In Free Inquiry Form For The Best Quote on The Market : Polyhose\" \/>\n<meta property=\"og:description\" content=\"Fill In Free Inquiry Form For The Best Quote on The Market. Please, submit your order instructions here and receive quote proposals from our support team.\" \/>\n<meta property=\"og:url\" content=\"https:\/\/www.polyhose.com\/pl\/enquiry\/\" \/>\n<meta property=\"og:site_name\" content=\"Polyhose Poland\" \/>\n<meta property=\"article:publisher\" content=\"https:\/\/www.facebook.com\/polyhose\/\" \/>\n<meta property=\"article:modified_time\" content=\"2019-09-17T11:15:04+00:00\" \/>\n<meta name=\"twitter:card\" content=\"summary_large_image\" \/>\n<meta name=\"twitter:label1\" content=\"Est. reading time\" \/>\n\t<meta name=\"twitter:data1\" content=\"1 minute\" \/>\n<script type=\"application\/ld+json\" class=\"yoast-schema-graph\">{\"@context\":\"https:\/\/schema.org\",\"@graph\":[{\"@type\":\"WebPage\",\"@id\":\"https:\/\/www.polyhose.com\/pl\/enquiry\/\",\"url\":\"https:\/\/www.polyhose.com\/pl\/enquiry\/\",\"name\":\"Fill In Free Inquiry Form For The Best Quote on The Market : Polyhose\",\"isPartOf\":{\"@id\":\"https:\/\/www.polyhose.com\/pl\/#website\"},\"datePublished\":\"2018-05-12T05:33:35+00:00\",\"dateModified\":\"2019-09-17T11:15:04+00:00\",\"description\":\"Fill In Free Inquiry Form For The Best Quote on The Market. Please, submit your order instructions here and receive quote proposals from our support team.\",\"breadcrumb\":{\"@id\":\"https:\/\/www.polyhose.com\/pl\/enquiry\/#breadcrumb\"},\"inLanguage\":\"en-US\",\"potentialAction\":[{\"@type\":\"ReadAction\",\"target\":[\"https:\/\/www.polyhose.com\/pl\/enquiry\/\"]}]},{\"@type\":\"BreadcrumbList\",\"@id\":\"https:\/\/www.polyhose.com\/pl\/enquiry\/#breadcrumb\",\"itemListElement\":[{\"@type\":\"ListItem\",\"position\":1,\"name\":\"Home\",\"item\":\"https:\/\/www.polyhose.com\/pl\/\"},{\"@type\":\"ListItem\",\"position\":2,\"name\":\"Enquiry\"}]},{\"@type\":\"WebSite\",\"@id\":\"https:\/\/www.polyhose.com\/pl\/#website\",\"url\":\"https:\/\/www.polyhose.com\/pl\/\",\"name\":\"Polyhose Poland\",\"description\":\"Global Leaders in Fluid Solutions\",\"publisher\":{\"@id\":\"https:\/\/www.polyhose.com\/pl\/#organization\"},\"potentialAction\":[{\"@type\":\"SearchAction\",\"target\":{\"@type\":\"EntryPoint\",\"urlTemplate\":\"https:\/\/www.polyhose.com\/pl\/?s={search_term_string}\"},\"query-input\":\"required name=search_term_string\"}],\"inLanguage\":\"en-US\"},{\"@type\":\"Organization\",\"@id\":\"https:\/\/www.polyhose.com\/pl\/#organization\",\"name\":\"POLYHOSE POLAND Sp. z o.o\",\"url\":\"https:\/\/www.polyhose.com\/pl\/\",\"logo\":{\"@type\":\"ImageObject\",\"inLanguage\":\"en-US\",\"@id\":\"https:\/\/www.polyhose.com\/pl\/#\/schema\/logo\/image\/\",\"url\":\"https:\/\/www.polyhose.com\/pl\/wp-content\/uploads\/2018\/05\/main-logo.png\",\"contentUrl\":\"https:\/\/www.polyhose.com\/pl\/wp-content\/uploads\/2018\/05\/main-logo.png\",\"width\":250,\"height\":100,\"caption\":\"POLYHOSE POLAND Sp. z o.o\"},\"image\":{\"@id\":\"https:\/\/www.polyhose.com\/pl\/#\/schema\/logo\/image\/\"},\"sameAs\":[\"https:\/\/www.linkedin.com\/company\/polyhose-india-pvt-ltd\/\",\"https:\/\/www.facebook.com\/polyhose\/\"]}]}<\/script>\n<!-- \/ Yoast SEO plugin. -->","yoast_head_json":{"title":"Fill In Free Inquiry Form For The Best Quote on The Market : Polyhose","description":"Fill In Free Inquiry Form For The Best Quote on The Market. Please, submit your order instructions here and receive quote proposals from our support team.","robots":{"index":"index","follow":"follow","max-snippet":"max-snippet:-1","max-image-preview":"max-image-preview:large","max-video-preview":"max-video-preview:-1"},"canonical":"https:\/\/www.polyhose.com\/pl\/enquiry\/","og_locale":"en_US","og_type":"article","og_title":"Fill In Free Inquiry Form For The Best Quote on The Market : Polyhose","og_description":"Fill In Free Inquiry Form For The Best Quote on The Market. Please, submit your order instructions here and receive quote proposals from our support team.","og_url":"https:\/\/www.polyhose.com\/pl\/enquiry\/","og_site_name":"Polyhose Poland","article_publisher":"https:\/\/www.facebook.com\/polyhose\/","article_modified_time":"2019-09-17T11:15:04+00:00","twitter_card":"summary_large_image","twitter_misc":{"Est. reading time":"1 minute"},"schema":{"@context":"https:\/\/schema.org","@graph":[{"@type":"WebPage","@id":"https:\/\/www.polyhose.com\/pl\/enquiry\/","url":"https:\/\/www.polyhose.com\/pl\/enquiry\/","name":"Fill In Free Inquiry Form For The Best Quote on The Market : Polyhose","isPartOf":{"@id":"https:\/\/www.polyhose.com\/pl\/#website"},"datePublished":"2018-05-12T05:33:35+00:00","dateModified":"2019-09-17T11:15:04+00:00","description":"Fill In Free Inquiry Form For The Best Quote on The Market. Please, submit your order instructions here and receive quote proposals from our support team.","breadcrumb":{"@id":"https:\/\/www.polyhose.com\/pl\/enquiry\/#breadcrumb"},"inLanguage":"en-US","potentialAction":[{"@type":"ReadAction","target":["https:\/\/www.polyhose.com\/pl\/enquiry\/"]}]},{"@type":"BreadcrumbList","@id":"https:\/\/www.polyhose.com\/pl\/enquiry\/#breadcrumb","itemListElement":[{"@type":"ListItem","position":1,"name":"Home","item":"https:\/\/www.polyhose.com\/pl\/"},{"@type":"ListItem","position":2,"name":"Enquiry"}]},{"@type":"WebSite","@id":"https:\/\/www.polyhose.com\/pl\/#website","url":"https:\/\/www.polyhose.com\/pl\/","name":"Polyhose Poland","description":"Global Leaders in Fluid Solutions","publisher":{"@id":"https:\/\/www.polyhose.com\/pl\/#organization"},"potentialAction":[{"@type":"SearchAction","target":{"@type":"EntryPoint","urlTemplate":"https:\/\/www.polyhose.com\/pl\/?s={search_term_string}"},"query-input":"required name=search_term_string"}],"inLanguage":"en-US"},{"@type":"Organization","@id":"https:\/\/www.polyhose.com\/pl\/#organization","name":"POLYHOSE POLAND Sp. z o.o","url":"https:\/\/www.polyhose.com\/pl\/","logo":{"@type":"ImageObject","inLanguage":"en-US","@id":"https:\/\/www.polyhose.com\/pl\/#\/schema\/logo\/image\/","url":"https:\/\/www.polyhose.com\/pl\/wp-content\/uploads\/2018\/05\/main-logo.png","contentUrl":"https:\/\/www.polyhose.com\/pl\/wp-content\/uploads\/2018\/05\/main-logo.png","width":250,"height":100,"caption":"POLYHOSE POLAND Sp. z o.o"},"image":{"@id":"https:\/\/www.polyhose.com\/pl\/#\/schema\/logo\/image\/"},"sameAs":["https:\/\/www.linkedin.com\/company\/polyhose-india-pvt-ltd\/","https:\/\/www.facebook.com\/polyhose\/"]}]}},"_links":{"self":[{"href":"https:\/\/www.polyhose.com\/pl\/wp-json\/wp\/v2\/pages\/20840"}],"collection":[{"href":"https:\/\/www.polyhose.com\/pl\/wp-json\/wp\/v2\/pages"}],"about":[{"href":"https:\/\/www.polyhose.com\/pl\/wp-json\/wp\/v2\/types\/page"}],"author":[{"embeddable":true,"href":"https:\/\/www.polyhose.com\/pl\/wp-json\/wp\/v2\/users\/2"}],"replies":[{"embeddable":true,"href":"https:\/\/www.polyhose.com\/pl\/wp-json\/wp\/v2\/comments?post=20840"}],"version-history":[{"count":1,"href":"https:\/\/www.polyhose.com\/pl\/wp-json\/wp\/v2\/pages\/20840\/revisions"}],"predecessor-version":[{"id":26214,"href":"https:\/\/www.polyhose.com\/pl\/wp-json\/wp\/v2\/pages\/20840\/revisions\/26214"}],"wp:attachment":[{"href":"https:\/\/www.polyhose.com\/pl\/wp-json\/wp\/v2\/media?parent=20840"}],"curies":[{"name":"wp","href":"https:\/\/api.w.org\/{rel}","templated":true}]}}